{"id":95,"date":"2023-09-19T08:36:39","date_gmt":"2023-09-19T06:36:39","guid":{"rendered":"https:\/\/artfortheglobe.ucsmindbite.cloud\/?page_id=95"},"modified":"2024-03-08T16:44:26","modified_gmt":"2024-03-08T15:44:26","slug":"stod-aftg","status":"publish","type":"page","link":"https:\/\/artfortheglobe.se\/en\/stod-aftg\/","title":{"rendered":"St\u00f6d AftG"},"content":{"rendered":"<h1 class=\"wp-block-heading\">Get active for a sustainable world.<\/h1>\n\n\n<p style=\"font-weight: 400;\">Art for the Globe welcomes any contribution, whether works of art or monetary.<\/p>\n<p style=\"font-weight: 400; text-indent: 10pt;\">All donations will go directly to projects supporting greater awareness of climate change and the path to a sustainable planet.<\/p>\n<p>If you want get active for a sustainable world, any financial donation will be welcome.  Our bankgiro number is 190-7435.<\/p>\n<p style=\"font-weight: 400; text-indent: 10pt;\">Or, if you want to join us in donating art, contact us for more details on <a class=\"ms-outlook-linkify\" href=\"mailto:info@artfortheglobe.se\">info@artfortheglobe.se<\/a> or call our Chairman Hans Petersson +46 72-220 75 56.\u00a0<\/p>","protected":false},"excerpt":{"rendered":"<p>Bli del\u00e4gare i den h\u00e5llbara v\u00e4rlden. Art for the Globe tar tacksamt emot bidrag, konstverk s\u00e5v\u00e4l som ekonomiska. Alla medel g\u00e5r direkt till projekt som st\u00f6djer \u00f6kat medvetande runt klimatf\u00f6r\u00e4ndringar och v\u00e4gen mot det h\u00e5llbara jordklotet. Vill du bli del\u00e4gare i den h\u00e5llbara v\u00e4rlden \u00e4r du varmt v\u00e4lkommen att bidra med ekonomiska medel. V\u00e5rt bankgiro: [&hellip;]<\/p>","protected":false},"author":1,"featured_media":0,"parent":0,"menu_order":0,"comment_status":"closed","ping_status":"closed","template":"","meta":{"_acf_changed":false,"footnotes":""},"class_list":["post-95","page","type-page","status-publish","hentry"],"acf":[],"_links":{"self":[{"href":"https:\/\/artfortheglobe.se\/en\/wp-json\/wp\/v2\/pages\/95","targetHints":{"allow":["GET"]}}],"collection":[{"href":"https:\/\/artfortheglobe.se\/en\/wp-json\/wp\/v2\/pages"}],"about":[{"href":"https:\/\/artfortheglobe.se\/en\/wp-json\/wp\/v2\/types\/page"}],"author":[{"embeddable":true,"href":"https:\/\/artfortheglobe.se\/en\/wp-json\/wp\/v2\/users\/1"}],"replies":[{"embeddable":true,"href":"https:\/\/artfortheglobe.se\/en\/wp-json\/wp\/v2\/comments?post=95"}],"version-history":[{"count":8,"href":"https:\/\/artfortheglobe.se\/en\/wp-json\/wp\/v2\/pages\/95\/revisions"}],"predecessor-version":[{"id":576,"href":"https:\/\/artfortheglobe.se\/en\/wp-json\/wp\/v2\/pages\/95\/revisions\/576"}],"wp:attachment":[{"href":"https:\/\/artfortheglobe.se\/en\/wp-json\/wp\/v2\/media?parent=95"}],"curies":[{"name":"wp","href":"https:\/\/api.w.org\/{rel}","templated":true}]}}