{"id":855,"date":"2025-05-29T10:30:45","date_gmt":"2025-05-29T08:30:45","guid":{"rendered":"https:\/\/artfortheglobe.se\/?page_id=855"},"modified":"2025-05-29T11:11:00","modified_gmt":"2025-05-29T09:11:00","slug":"nomineringskommitte-2025","status":"publish","type":"page","link":"https:\/\/artfortheglobe.se\/en\/pristagare\/nomineringskommitte-2025\/","title":{"rendered":"Nomination Committee 2025"},"content":{"rendered":"<div data-elementor-type=\"wp-page\" data-elementor-id=\"855\" class=\"elementor elementor-855\" data-elementor-post-type=\"page\">\n\t\t\t\t<div class=\"elementor-element elementor-element-26e89a0 e-flex e-con-boxed e-con e-parent\" data-id=\"26e89a0\" data-element_type=\"container\">\n\t\t\t\t\t<div class=\"e-con-inner\">\n\t\t\t\t<div class=\"elementor-element elementor-element-e5ed6e1 elementor-widget__width-initial elementor-widget elementor-widget-text-editor\" data-id=\"e5ed6e1\" data-element_type=\"widget\" data-widget_type=\"text-editor.default\">\n\t\t\t\t<div class=\"elementor-widget-container\">\n\t\t\t\t\t\t\t\t\t<p><strong>The 2025 nomination committee supported the board in finding suitable nominees for the 2025 Art for the Globe Prize. <\/strong><\/p>\n<p><strong>&nbsp;<\/strong><\/p>\n<p><!-- \/wp:paragraph --><!-- wp:paragraph --><\/p>\n<p><strong>The committee proposed six potential awardees, from which the board selected Bigert &amp; Bergstr\u00f6m as this year\u2019s awardee. <\/strong><\/p>\n<p><!-- \/wp:paragraph --><!-- wp:paragraph --><\/p>\n<p><strong><br>The nomination committee\u2019s objective is to propose as many potential awardees as possible, and they have no final say in who gets the award - that decision is solely made by the board.<\/strong><\/p>\n<p><!-- \/wp:paragraph --><!-- wp:paragraph --><\/p>\n<p><\/p>\n<p><!-- \/wp:paragraph --><\/p>\t\t\t\t\t\t\t\t<\/div>\n\t\t\t\t<\/div>\n\t\t\t\t<div class=\"elementor-element elementor-element-c174005 elementor-widget-divider--view-line elementor-widget elementor-widget-divider\" data-id=\"c174005\" data-element_type=\"widget\" data-widget_type=\"divider.default\">\n\t\t\t\t<div class=\"elementor-widget-container\">\n\t\t\t\t\t\t\t<div class=\"elementor-divider\">\n\t\t\t<span class=\"elementor-divider-separator\">\n\t\t\t\t\t\t<\/span>\n\t\t<\/div>\n\t\t\t\t\t\t<\/div>\n\t\t\t\t<\/div>\n\t\t\t\t\t<\/div>\n\t\t\t\t<\/div>\n\t\t<div class=\"elementor-element elementor-element-544eb978 e-flex e-con-boxed e-con e-parent\" data-id=\"544eb978\" data-element_type=\"container\">\n\t\t\t\t\t<div class=\"e-con-inner\">\n\t\t<div class=\"elementor-element elementor-element-f46a349 e-grid e-con-boxed e-con e-child\" data-id=\"f46a349\" data-element_type=\"container\">\n\t\t\t\t\t<div class=\"e-con-inner\">\n\t\t\t\t<div class=\"elementor-element elementor-element-9af931a elementor-widget__width-initial elementor-widget elementor-widget-text-editor\" data-id=\"9af931a\" data-element_type=\"widget\" data-widget_type=\"text-editor.default\">\n\t\t\t\t<div class=\"elementor-widget-container\">\n\t\t\t\t\t\t\t\t\t<p><b>Andrew Merrie<\/b><\/p><p><b><br><\/b><\/p>\n<p><\/p>\n<p><span style=\"font-weight: 400;\">Andrew Merrie is a sustainability scientist with a PhD from the Stockholm Resilience Centre, Stockholm University where he continues to work as the Research Liaison Officer.<\/span><\/p><p><span style=\"font-weight: 400;\"><br><\/span><\/p>\n<p><\/p>\n<p><span style=\"font-weight: 400;\">During the final year of his PhD, Andrew launched the <\/span><i><span style=\"font-weight: 400;\">Radical Ocean Futures<\/span><\/i><span style=\"font-weight: 400;\">project. This is centered around four scientifically grounded multimedia narratives of potential alternate futures for the global ocean. The scenarios were built using the method of <\/span><i><span style=\"font-weight: 400;\">Science Fiction Prototyping<\/span><\/i><span style=\"font-weight: 400;\">, bringing together art, science and storytelling. The project includes commissioned artworks by the renowned Swedish conceptual artist Simon St\u00e5lenhag. This art-science initiative continues to create impact, has featured as part of exhibitions in London, Berlin, Helsinki, Stockholm and elsewhere and has inspired many to experiment with science fiction prototyping and engage more deeply in the future of the ocean.<\/span><\/p><p><span style=\"font-weight: 400;\"><br><\/span><\/p>\n<p><\/p>\n<p><span style=\"font-weight: 400;\">Beyond the Stockholm Resileince Centre, Andrew works at Planethon, a creative agency where he holds the role of Science and Futures lead. There he focuses on applying insights from science to support sustainable transformation. Practically, this involves combining science, art, imagination, storytelling and strategy to build futures literacy and transformative capacity within companies &amp; organisations.<\/span><\/p>\t\t\t\t\t\t\t\t<\/div>\n\t\t\t\t<\/div>\n\t\t\t\t<div class=\"elementor-element elementor-element-0fae22d elementor-widget elementor-widget-image\" data-id=\"0fae22d\" data-element_type=\"widget\" data-widget_type=\"image.default\">\n\t\t\t\t<div class=\"elementor-widget-container\">\n\t\t\t\t\t\t\t\t\t\t\t\t\t\t\t<img fetchpriority=\"high\" decoding=\"async\" width=\"683\" height=\"1024\" src=\"https:\/\/artfortheglobe.se\/wp-content\/uploads\/2025\/05\/Copy-of-Andrew-1-683x1024.jpg\" class=\"attachment-large size-large wp-image-869\" alt=\"\" srcset=\"https:\/\/artfortheglobe.se\/wp-content\/uploads\/2025\/05\/Copy-of-Andrew-1-683x1024.jpg 683w, https:\/\/artfortheglobe.se\/wp-content\/uploads\/2025\/05\/Copy-of-Andrew-1-533x800.jpg 533w, https:\/\/artfortheglobe.se\/wp-content\/uploads\/2025\/05\/Copy-of-Andrew-1-768x1152.jpg 768w, https:\/\/artfortheglobe.se\/wp-content\/uploads\/2025\/05\/Copy-of-Andrew-1-8x12.jpg 8w\" sizes=\"(max-width: 683px) 100vw, 683px\" \/>\t\t\t\t\t\t\t\t\t\t\t\t\t\t\t<\/div>\n\t\t\t\t<\/div>\n\t\t\t\t<div class=\"elementor-element elementor-element-fa37f36 elementor-widget elementor-widget-image\" data-id=\"fa37f36\" data-element_type=\"widget\" data-widget_type=\"image.default\">\n\t\t\t\t<div class=\"elementor-widget-container\">\n\t\t\t\t\t\t\t\t\t\t\t\t\t\t\t<img decoding=\"async\" width=\"709\" height=\"885\" src=\"https:\/\/artfortheglobe.se\/wp-content\/uploads\/2025\/05\/Skarmavbild-2019-10-11-kl.-14.53.25.png\" class=\"attachment-large size-large wp-image-873\" alt=\"\" srcset=\"https:\/\/artfortheglobe.se\/wp-content\/uploads\/2025\/05\/Skarmavbild-2019-10-11-kl.-14.53.25.png 709w, https:\/\/artfortheglobe.se\/wp-content\/uploads\/2025\/05\/Skarmavbild-2019-10-11-kl.-14.53.25-641x800.png 641w, https:\/\/artfortheglobe.se\/wp-content\/uploads\/2025\/05\/Skarmavbild-2019-10-11-kl.-14.53.25-10x12.png 10w\" sizes=\"(max-width: 709px) 100vw, 709px\" \/>\t\t\t\t\t\t\t\t\t\t\t\t\t\t\t<\/div>\n\t\t\t\t<\/div>\n\t\t\t\t<div class=\"elementor-element elementor-element-49b67bc elementor-widget elementor-widget-text-editor\" data-id=\"49b67bc\" data-element_type=\"widget\" data-widget_type=\"text-editor.default\">\n\t\t\t\t<div class=\"elementor-widget-container\">\n\t\t\t\t\t\t\t\t\t<p><strong>Goran Kajfes<\/strong><\/p><p><strong><br><\/strong><\/p>\n<p><\/p>\n<p><span style=\"font-weight: 400;\">Goran Kajfes \u00e4r av kroatisk h\u00e4rkomst och v\u00e4xte upp i Sverige i en familj av musiker och konstn\u00e4rer. Han \u00e4r sedan m\u00e5nga \u00e5r en sj\u00e4lvklar auktoritet p\u00e5 den svenska musikscenen. En eftertraktad sessionmusiker, turnerande artist, arrang\u00f6r och producent. Goran har upptr\u00e4tt med Jos\u00e9 Gonzales, Stina Nordenstam, Eagle-Eye Cherry, Lester Bowie, The Soundtrack of our Lives och m\u00e5nga fler.<\/span><\/p>\n<p><span style=\"font-weight: 400;\">&nbsp;<\/span><\/p>\n<p><\/p>\n<p><span style=\"font-weight: 400;\">In 2024, he was appointed Artist in Residence at Stockholm Jazz Festival. He was given the honour of composing and performing the opening ceremony of Stockholm Museum of Modern Art in 2006. He's written music to several movies and produced a number of albums including <\/span><i><span style=\"font-weight: 400;\">Clint<\/span><\/i><span style=\"font-weight: 400;\"> by Oddjob that was named Jazz Album of the Year by Sunday Times in the UK 2010.<\/span><\/p>\n<p><span style=\"font-weight: 400;\">&nbsp;<\/span><\/p>\n<p><\/p>\n<p><span style=\"font-weight: 400;\">Kajfe's debut <\/span><i><span style=\"font-weight: 400;\">Home<\/span><\/i><span style=\"font-weight: 400;\"> (2001), where a mulitude of influences was mixed into an appealing and spicy brew established him as being at the forefront of crossover visionary electro-jazz. The sequel, <\/span><i><span style=\"font-weight: 400;\">Headspin<\/span><\/i><span style=\"font-weight: 400;\"> (2005) won the Swedish grammy award for best jazz album for the very same reasons. The albums took Goran around the world performing with his own band. His latest solo release is the ambitious double album <\/span><i><span style=\"font-weight: 400;\">X\/Y<\/span><\/i><span style=\"font-weight: 400;\">. Goran is also a member of free jazz group Nacka Forum.<\/span><\/p>\t\t\t\t\t\t\t\t<\/div>\n\t\t\t\t<\/div>\n\t\t\t\t<div class=\"elementor-element elementor-element-d0241d5 elementor-widget elementor-widget-text-editor\" data-id=\"d0241d5\" data-element_type=\"widget\" data-widget_type=\"text-editor.default\">\n\t\t\t\t<div class=\"elementor-widget-container\">\n\t\t\t\t\t\t\t\t\t<p><b>Lukas G\u00f6thman<\/b><\/p>\n<p>\u00a0<\/p>\n<p><span style=\"font-weight: 400;\">Lukas G\u00f6thman is a Swedish writer and artist whose artistry focuses on series of journeys, self-experienced selected realities or made up by fiction and dreams. His works are often featured as texts; short stories, a title or a phrase repeated to create an abstract composition.<\/span><\/p>\n<p>\u00a0<\/p>\n<p><span style=\"font-weight: 400;\">G\u00f6thman investigates the visual effect of words and letters. Sentence by sentence builds an intriguing visual composition set over a monochrome of colour. Curves and impressions of varying fields of depth are realised following a simple set of self imposed rules. Other series of works investigate the landscape, creating dreamlike illusions. It is the artist's very private world of thought or emotion in which viewers are immersed through the intensity of the colour scheme and expressive texts in his works.<\/span><\/p>\n<p>\u00a0<\/p>\n<p><span style=\"font-weight: 400;\">Lukas has been a part of dozens of exhibitions across Europe for over two decades, and his work can be found in, among other places, Uppsala Konstmuseum, Uppsala, Sweden, Region Uppsala, Sweden, and EMMA Esbo Moderna Art Museum, Esbo, Finland.<\/span><\/p>\t\t\t\t\t\t\t\t<\/div>\n\t\t\t\t<\/div>\n\t\t\t\t<div class=\"elementor-element elementor-element-5d5fe4d elementor-widget elementor-widget-image\" data-id=\"5d5fe4d\" data-element_type=\"widget\" data-widget_type=\"image.default\">\n\t\t\t\t<div class=\"elementor-widget-container\">\n\t\t\t\t\t\t\t\t\t\t\t\t\t\t\t<img decoding=\"async\" width=\"800\" height=\"764\" src=\"https:\/\/artfortheglobe.se\/wp-content\/uploads\/2025\/05\/593ffd54c823ab6255c95c0f-photo-2.jpg\" class=\"attachment-large size-large wp-image-872\" alt=\"\" srcset=\"https:\/\/artfortheglobe.se\/wp-content\/uploads\/2025\/05\/593ffd54c823ab6255c95c0f-photo-2.jpg 1024w, https:\/\/artfortheglobe.se\/wp-content\/uploads\/2025\/05\/593ffd54c823ab6255c95c0f-photo-2-800x764.jpg 800w, https:\/\/artfortheglobe.se\/wp-content\/uploads\/2025\/05\/593ffd54c823ab6255c95c0f-photo-2-768x734.jpg 768w, https:\/\/artfortheglobe.se\/wp-content\/uploads\/2025\/05\/593ffd54c823ab6255c95c0f-photo-2-13x12.jpg 13w\" sizes=\"(max-width: 800px) 100vw, 800px\" \/>\t\t\t\t\t\t\t\t\t\t\t\t\t\t\t<\/div>\n\t\t\t\t<\/div>\n\t\t\t\t\t<\/div>\n\t\t\t\t<\/div>\n\t\t\t\t\t<\/div>\n\t\t\t\t<\/div>\n\t\t\t\t<\/div>","protected":false},"excerpt":{"rendered":"<p>Nomineringskommitt\u00e9n 2025 st\u00f6dde styrelsen i att hitta l\u00e4mpliga nominerade f\u00f6r 2025 \u00e5rs Art for the Globe-pris. &nbsp; Kommitt\u00e9n f\u00f6reslog sex potentiella pristagare, och styrelsen valde Bigert &amp; Bergstr\u00f6m som \u00e5rets pristagare. Nomineringskommitt\u00e9ns m\u00e5l \u00e4r att f\u00f6resl\u00e5 s\u00e5 m\u00e5nga potentiella pristagare som m\u00f6jligt, och de har inget slutgiltigt beslut om vem som f\u00e5r priset \u2013 det [&hellip;]<\/p>","protected":false},"author":5,"featured_media":0,"parent":105,"menu_order":0,"comment_status":"closed","ping_status":"closed","template":"elementor_header_footer","meta":{"_acf_changed":false,"footnotes":""},"class_list":["post-855","page","type-page","status-publish","hentry"],"acf":[],"_links":{"self":[{"href":"https:\/\/artfortheglobe.se\/en\/wp-json\/wp\/v2\/pages\/855","targetHints":{"allow":["GET"]}}],"collection":[{"href":"https:\/\/artfortheglobe.se\/en\/wp-json\/wp\/v2\/pages"}],"about":[{"href":"https:\/\/artfortheglobe.se\/en\/wp-json\/wp\/v2\/types\/page"}],"author":[{"embeddable":true,"href":"https:\/\/artfortheglobe.se\/en\/wp-json\/wp\/v2\/users\/5"}],"replies":[{"embeddable":true,"href":"https:\/\/artfortheglobe.se\/en\/wp-json\/wp\/v2\/comments?post=855"}],"version-history":[{"count":34,"href":"https:\/\/artfortheglobe.se\/en\/wp-json\/wp\/v2\/pages\/855\/revisions"}],"predecessor-version":[{"id":904,"href":"https:\/\/artfortheglobe.se\/en\/wp-json\/wp\/v2\/pages\/855\/revisions\/904"}],"up":[{"embeddable":true,"href":"https:\/\/artfortheglobe.se\/en\/wp-json\/wp\/v2\/pages\/105"}],"wp:attachment":[{"href":"https:\/\/artfortheglobe.se\/en\/wp-json\/wp\/v2\/media?parent=855"}],"curies":[{"name":"wp","href":"https:\/\/api.w.org\/{rel}","templated":true}]}}