{"id":67,"date":"2023-09-18T16:37:10","date_gmt":"2023-09-18T14:37:10","guid":{"rendered":"https:\/\/artfortheglobe.ucsmindbite.cloud\/?page_id=67"},"modified":"2025-11-26T17:30:45","modified_gmt":"2025-11-26T16:30:45","slug":"om-oss","status":"publish","type":"page","link":"https:\/\/artfortheglobe.se\/en\/om-oss\/","title":{"rendered":"Om oss"},"content":{"rendered":"<h1 class=\"wp-block-heading\">This is Art for the Globe.<\/h1>\n\n\n<p style=\"font-weight: 400;\">Dr Johan Wallin (1939\u20132025) was the founder of Art for the Globe.<\/p>\n<p style=\"font-weight: 400; text-indent: 10pt;\">During his 86 years, Dr Wallin built close relationships with artists and their work, resulting in a collection of nearly 700 original pieces of contemporary Swedish art.<\/p>\n<p style=\"font-weight: 400; text-indent: 10pt;\">Now every single picture and sculpture will be sold.<\/p>\n<p style=\"font-weight: 400; text-indent: 10pt;\">Listen<span class=\"apple-converted-space\">\u00a0<\/span>to his own thoughts on the foundation, the pictures, the decision to sell them and the ability of culture to provoke engagement for a sustainable planet.<\/p>","protected":false},"excerpt":{"rendered":"<p>Detta \u00e4r Art for the Globe. Art for the Globe grundades av Johan Wallin (1939-2025). L\u00e4karen som under sina 86 \u00e5r levde s\u00e5 n\u00e4ra konstn\u00e4rer och deras konst att det idag finns en samling med n\u00e4ra 700 originalverk av svensk samtida konst. Nu ska varenda tavla och skulptur s\u00e4ljas. Lyssna\u00a0p\u00e5 Johans egna ord om stiftelsen, [&hellip;]<\/p>","protected":false},"author":1,"featured_media":68,"parent":0,"menu_order":0,"comment_status":"closed","ping_status":"closed","template":"","meta":{"_acf_changed":false,"footnotes":""},"class_list":["post-67","page","type-page","status-publish","has-post-thumbnail","hentry"],"acf":[],"_links":{"self":[{"href":"https:\/\/artfortheglobe.se\/en\/wp-json\/wp\/v2\/pages\/67","targetHints":{"allow":["GET"]}}],"collection":[{"href":"https:\/\/artfortheglobe.se\/en\/wp-json\/wp\/v2\/pages"}],"about":[{"href":"https:\/\/artfortheglobe.se\/en\/wp-json\/wp\/v2\/types\/page"}],"author":[{"embeddable":true,"href":"https:\/\/artfortheglobe.se\/en\/wp-json\/wp\/v2\/users\/1"}],"replies":[{"embeddable":true,"href":"https:\/\/artfortheglobe.se\/en\/wp-json\/wp\/v2\/comments?post=67"}],"version-history":[{"count":11,"href":"https:\/\/artfortheglobe.se\/en\/wp-json\/wp\/v2\/pages\/67\/revisions"}],"predecessor-version":[{"id":910,"href":"https:\/\/artfortheglobe.se\/en\/wp-json\/wp\/v2\/pages\/67\/revisions\/910"}],"wp:featuredmedia":[{"embeddable":true,"href":"https:\/\/artfortheglobe.se\/en\/wp-json\/wp\/v2\/media\/68"}],"wp:attachment":[{"href":"https:\/\/artfortheglobe.se\/en\/wp-json\/wp\/v2\/media?parent=67"}],"curies":[{"name":"wp","href":"https:\/\/api.w.org\/{rel}","templated":true}]}}