{"id":2,"date":"2023-09-18T09:48:42","date_gmt":"2023-09-18T09:48:42","guid":{"rendered":"https:\/\/artfortheglobe.ucsmindbite.cloud\/?page_id=2"},"modified":"2024-06-17T13:04:03","modified_gmt":"2024-06-17T11:04:03","slug":"hem","status":"publish","type":"page","link":"https:\/\/artfortheglobe.se\/en\/","title":{"rendered":"Hem"},"content":{"rendered":"<h1 class=\"wp-block-heading\">Culture is sustainable energy.<\/h1>\n\n\n<p>Hurricanes rage all over the world.<br \/>Droughts.<br \/>And rainstorms.<br \/>Dried-up wells, floods, forest fires, glaciers melting away.<br \/>Tsunamis.<br \/>Environmental disasters are becoming everyday events. They are all symptoms of a planet in distress.<\/p>\n<p style=\"text-indent: 10pt;\">The Art for the Globe foundation was set up in 2023 by Swedish physician Johan Wallin, to spread awareness of the plight of the world.<\/p>\n<p style=\"text-indent: 10pt;\">For change to happen, deeper engagement has to be provoked.<\/p>\n<p style=\"text-indent: 10pt;\">Can culture take the lead?<\/p>\n<p style=\"text-indent: 10pt;\">Culture has the power to spark awareness that will generate good intentions and kickstart action.<\/p>\n<p style=\"text-indent: 10pt;\">Art for the Globe believes that culture is an untapped source of energy for greater sustainability. Through music, painting, literature, dance, photography, opera and film, feelings and thoughts are provoked in the audience that are many times more powerful than political statements and scientific reports. Probably because the best cultural works speak to us from the heart.<\/p>\n<p style=\"text-indent: 10pt;\">The Art for the Globe foundation will use culture to mobilise a force for change towards a sustainable world. We want to spread awareness. Spur more people into action.<\/p>\n<p style=\"text-indent: 10pt;\">A significant part of our work is the Art for the Globe award. One of Sweden's biggest culture awards, worth at least SEK 500.000 a year.<\/p>\n<p style=\"text-indent: 10pt;\">The Art for the Globe award will be awarded to humanists, artists of all types and organisations who have succeeded in provoking key national debates, spread awareness and build a force for change driving progress towards a sustainable world.<\/p>","protected":false},"excerpt":{"rendered":"<p>Kultur \u00e4r h\u00e5llbar energi. Orkaner bl\u00e5ser \u00f6ver v\u00e4rlden.Uttorkade jordar.Och skyfall.Sinande brunnar, \u00f6versv\u00e4mningar, skogsbr\u00e4nder, glaci\u00e4rer som tynar bort.Tsunamis.Idag staplas milj\u00f6katastrofer p\u00e5 h\u00f6g. Alla \u00e4r de symptom p\u00e5 ett jordklot som m\u00e5r d\u00e5ligt. Stiftelsen Art for the Globe grundades 2023 av den svenske l\u00e4karen Johan Wallin f\u00f6r att bredda insikten om jordens utsatta l\u00e4ge. Ska f\u00f6r\u00e4ndring ske [&hellip;]<\/p>","protected":false},"author":1,"featured_media":32,"parent":0,"menu_order":0,"comment_status":"closed","ping_status":"closed","template":"","meta":{"_acf_changed":false,"footnotes":""},"class_list":["post-2","page","type-page","status-publish","has-post-thumbnail","hentry"],"acf":[],"_links":{"self":[{"href":"https:\/\/artfortheglobe.se\/en\/wp-json\/wp\/v2\/pages\/2","targetHints":{"allow":["GET"]}}],"collection":[{"href":"https:\/\/artfortheglobe.se\/en\/wp-json\/wp\/v2\/pages"}],"about":[{"href":"https:\/\/artfortheglobe.se\/en\/wp-json\/wp\/v2\/types\/page"}],"author":[{"embeddable":true,"href":"https:\/\/artfortheglobe.se\/en\/wp-json\/wp\/v2\/users\/1"}],"replies":[{"embeddable":true,"href":"https:\/\/artfortheglobe.se\/en\/wp-json\/wp\/v2\/comments?post=2"}],"version-history":[{"count":21,"href":"https:\/\/artfortheglobe.se\/en\/wp-json\/wp\/v2\/pages\/2\/revisions"}],"predecessor-version":[{"id":793,"href":"https:\/\/artfortheglobe.se\/en\/wp-json\/wp\/v2\/pages\/2\/revisions\/793"}],"wp:featuredmedia":[{"embeddable":true,"href":"https:\/\/artfortheglobe.se\/en\/wp-json\/wp\/v2\/media\/32"}],"wp:attachment":[{"href":"https:\/\/artfortheglobe.se\/en\/wp-json\/wp\/v2\/media?parent=2"}],"curies":[{"name":"wp","href":"https:\/\/api.w.org\/{rel}","templated":true}]}}