{"id":101,"date":"2023-09-19T09:38:47","date_gmt":"2023-09-19T07:38:47","guid":{"rendered":"https:\/\/artfortheglobe.ucsmindbite.cloud\/?page_id=101"},"modified":"2025-05-29T09:55:12","modified_gmt":"2025-05-29T07:55:12","slug":"nasta-auktion","status":"publish","type":"page","link":"https:\/\/artfortheglobe.se\/en\/nasta-auktion\/","title":{"rendered":"N\u00e4sta auktion"},"content":{"rendered":"<h1 class=\"wp-block-heading\">Do yourself a favour.<br>Bid high.<\/h1>\n\n\n<p style=\"font-weight: 400;\">Great art is sustainable energy.<\/p>\n<p style=\"font-weight: 400; text-indent: 10pt;\">Paintings give energy and pleasure to their owners. And when they're sold, you get your money back. But the painting lives on. It carries on giving new energy and pleasure to its new owner. That's sustainable energy!<\/p>\n<p>\u00a0<\/p>\n<p>Den <strong>21 januari<\/strong> 2025 h\u00f6lls den senaste auktionen hos Stockholms Auktionsverk, p\u00e5 Nybrogatan 32.<\/p>\n<p>\u00a0<\/p>\n<p>N\u00e4sta auktion kommer utlysas inom snar framtid.<\/p>\n<p>\u00a0<\/p>\n<p>L\u00e4s mer om auktioner och dess arrangemang <span style=\"color: #3366ff;\"><em><a style=\"color: #3366ff;\" href=\"https:\/\/www.auktionsverket.com\/sv\/stockholms-auktionsverk-x-art-for-the-globe\/\" target=\"_blank\" rel=\"noopener\">h\u00e4r:<\/a><\/em><\/span><\/p>\n<p><a href=\"https:\/\/www.auktionsverket.com\/sv\/stockholms-auktionsverk-x-art-for-the-globe\/\" target=\"_blank\" rel=\"noopener\"><img fetchpriority=\"high\" decoding=\"async\" class=\"alignnone size-medium wp-image-825\" src=\"https:\/\/artfortheglobe.se\/wp-content\/uploads\/2024\/12\/jw-collection-1-800x450.jpg\" alt=\"\" width=\"800\" height=\"450\" srcset=\"https:\/\/artfortheglobe.se\/wp-content\/uploads\/2024\/12\/jw-collection-1-800x450.jpg 800w, https:\/\/artfortheglobe.se\/wp-content\/uploads\/2024\/12\/jw-collection-1-768x432.jpg 768w, https:\/\/artfortheglobe.se\/wp-content\/uploads\/2024\/12\/jw-collection-1-18x10.jpg 18w, https:\/\/artfortheglobe.se\/wp-content\/uploads\/2024\/12\/jw-collection-1.jpg 1280w\" sizes=\"(max-width: 800px) 100vw, 800px\" \/><\/a><\/p>\n<p>\u00a0<\/p>\n<p>\u00a0<\/p>\n<p style=\"font-weight: 400; text-indent: 10pt;\">Johan Wallin's huge collection of 700 original pieces will be sold off in phases.<\/p>\n<p style=\"font-weight: 400; text-indent: 10pt;\">Den f\u00f6rsta auktionen, Modern Art &amp; Design 656, \u00e4gde rum den 21-22 maj 2023.<\/p>\n<p style=\"font-weight: 400; text-indent: 10pt;\">D\u00e4r s\u00e5ldes bl.a. de 5 verken som visas h\u00e4r.<\/p>\n<p style=\"font-weight: 400; text-indent: 10pt;\">You are welcome to check back here regularly for information about our next auction event.\u00a0<\/p>\n\n\n<p><\/p>","protected":false},"excerpt":{"rendered":"<p>G\u00f6r en bra aff\u00e4r.K\u00f6p dyrt. Bra konst \u00e4r h\u00e5llbar energi. Tavlorna sk\u00e4nker kraft och gl\u00e4dje till sin \u00e4gare &#8211; och n\u00e4r de en dag s\u00e4ljs s\u00e5 frig\u00f6rs pengar. Men tavlan f\u00f6rsvinner inte. Den \u00e5tervinns hos sin nya \u00e4gare d\u00e4r den sk\u00e4nker ny kraft och gl\u00e4dje. Tala om h\u00e5llbar energi! \u00a0 Den 21 januari 2025 h\u00f6lls [&hellip;]<\/p>","protected":false},"author":1,"featured_media":0,"parent":0,"menu_order":0,"comment_status":"closed","ping_status":"closed","template":"","meta":{"_acf_changed":false,"footnotes":""},"class_list":["post-101","page","type-page","status-publish","hentry"],"acf":[],"_links":{"self":[{"href":"https:\/\/artfortheglobe.se\/en\/wp-json\/wp\/v2\/pages\/101","targetHints":{"allow":["GET"]}}],"collection":[{"href":"https:\/\/artfortheglobe.se\/en\/wp-json\/wp\/v2\/pages"}],"about":[{"href":"https:\/\/artfortheglobe.se\/en\/wp-json\/wp\/v2\/types\/page"}],"author":[{"embeddable":true,"href":"https:\/\/artfortheglobe.se\/en\/wp-json\/wp\/v2\/users\/1"}],"replies":[{"embeddable":true,"href":"https:\/\/artfortheglobe.se\/en\/wp-json\/wp\/v2\/comments?post=101"}],"version-history":[{"count":33,"href":"https:\/\/artfortheglobe.se\/en\/wp-json\/wp\/v2\/pages\/101\/revisions"}],"predecessor-version":[{"id":864,"href":"https:\/\/artfortheglobe.se\/en\/wp-json\/wp\/v2\/pages\/101\/revisions\/864"}],"wp:attachment":[{"href":"https:\/\/artfortheglobe.se\/en\/wp-json\/wp\/v2\/media?parent=101"}],"curies":[{"name":"wp","href":"https:\/\/api.w.org\/{rel}","templated":true}]}}